{"id":147,"date":"2022-07-27T21:16:17","date_gmt":"2022-07-27T21:16:17","guid":{"rendered":"https:\/\/dii.us.com\/nuevo\/?page_id=147"},"modified":"2022-08-18T18:43:19","modified_gmt":"2022-08-18T18:43:19","slug":"santiago-springs","status":"publish","type":"page","link":"https:\/\/dii.us.com\/nuevo\/?page_id=147","title":{"rendered":"Santiago Springs"},"content":{"rendered":"\t\t<div data-elementor-type=\"wp-page\" data-elementor-id=\"147\" class=\"elementor elementor-147\">\n\t\t\t\t\t\t\t\t\t<section class=\"elementor-section elementor-top-section elementor-element elementor-element-5930c261 elementor-section-height-min-height elementor-section-boxed elementor-section-height-default elementor-section-items-middle\" data-id=\"5930c261\" data-element_type=\"section\" data-settings=\"{&quot;background_background&quot;:&quot;video&quot;,&quot;jet_parallax_layout_list&quot;:[],&quot;background_video_link&quot;:&quot;https:\\\/\\\/dii.us.com\\\/nuevo\\\/wp-content\\\/uploads\\\/2022\\\/08\\\/VIDEO-INGLES-SANTIAGO.mp4&quot;,&quot;background_video_start&quot;:10,&quot;background_video_end&quot;:68}\">\n\t\t\t\t\t\t\t\t<div class=\"elementor-background-video-container elementor-hidden-phone\">\n\t\t\t\t\t\t\t\t\t\t\t\t\t<video class=\"elementor-background-video-hosted elementor-html5-video\" autoplay muted playsinline loop><\/video>\n\t\t\t\t\t\t\t\t\t\t\t<\/div>\n\t\t\t\t\t\t\t\t\t<div class=\"elementor-background-overlay\"><\/div>\n\t\t\t\t\t\t\t<div class=\"elementor-container elementor-column-gap-default\">\n\t\t\t\t\t<div class=\"elementor-column elementor-col-100 elementor-top-column elementor-element elementor-element-d1e67d6\" data-id=\"d1e67d6\" data-element_type=\"column\">\n\t\t\t<div class=\"elementor-widget-wrap elementor-element-populated\">\n\t\t\t\t\t\t\t\t<div class=\"elementor-element elementor-element-17694e43 elementor-widget elementor-widget-heading\" data-id=\"17694e43\" data-element_type=\"widget\" data-widget_type=\"heading.default\">\n\t\t\t\t<div class=\"elementor-widget-container\">\n\t\t\t<style>\/*! elementor - v3.6.7 - 03-07-2022 *\/\n.elementor-heading-title{padding:0;margin:0;line-height:1}.elementor-widget-heading .elementor-heading-title[class*=elementor-size-]>a{color:inherit;font-size:inherit;line-height:inherit}.elementor-widget-heading .elementor-heading-title.elementor-size-small{font-size:15px}.elementor-widget-heading .elementor-heading-title.elementor-size-medium{font-size:19px}.elementor-widget-heading .elementor-heading-title.elementor-size-large{font-size:29px}.elementor-widget-heading .elementor-heading-title.elementor-size-xl{font-size:39px}.elementor-widget-heading .elementor-heading-title.elementor-size-xxl{font-size:59px}<\/style><h2 class=\"elementor-heading-title elementor-size-default\">EL LUGAR PERFECTO PARA OLVIDAR EL ESTR\u00c9S DE LA CIUDAD Y VIVIR LA VIDA DE SUS SUE\u00d1OS<\/h2>\t\t<\/div>\n\t\t\t\t<\/div>\n\t\t\t\t<section class=\"elementor-section elementor-inner-section elementor-element elementor-element-aacf5a2 elementor-section-boxed elementor-section-height-default elementor-section-height-default\" data-id=\"aacf5a2\" data-element_type=\"section\" data-settings=\"{&quot;jet_parallax_layout_list&quot;:[]}\">\n\t\t\t\t\t\t<div class=\"elementor-container elementor-column-gap-default\">\n\t\t\t\t\t<div class=\"elementor-column elementor-col-33 elementor-inner-column elementor-element elementor-element-50899df\" data-id=\"50899df\" data-element_type=\"column\">\n\t\t\t<div class=\"elementor-widget-wrap elementor-element-populated\">\n\t\t\t\t\t\t\t\t<div class=\"elementor-element elementor-element-9f0f4f0 elementor-align-center elementor-widget elementor-widget-button\" data-id=\"9f0f4f0\" data-element_type=\"widget\" data-widget_type=\"button.default\">\n\t\t\t\t<div class=\"elementor-widget-container\">\n\t\t\t\t\t<div class=\"elementor-button-wrapper\">\n\t\t\t<a href=\"https:\/\/dii.us.com\/nuevo\/wp-content\/uploads\/2022\/08\/VIDEO-INGLES-SANTIAGO.mp4\" target=\"_blank\" class=\"elementor-button-link elementor-button elementor-size-sm\" role=\"button\">\n\t\t\t\t\t\t<span class=\"elementor-button-content-wrapper\">\n\t\t\t\t\t\t<span class=\"elementor-button-text\">Conoce mas en un video <\/span>\n\t\t<\/span>\n\t\t\t\t\t<\/a>\n\t\t<\/div>\n\t\t\t\t<\/div>\n\t\t\t\t<\/div>\n\t\t\t\t\t<\/div>\n\t\t<\/div>\n\t\t\t\t<div class=\"elementor-column elementor-col-33 elementor-inner-column elementor-element elementor-element-072b75f\" data-id=\"072b75f\" data-element_type=\"column\">\n\t\t\t<div class=\"elementor-widget-wrap elementor-element-populated\">\n\t\t\t\t\t\t\t\t<div class=\"elementor-element elementor-element-bc07f1d elementor-align-center elementor-widget elementor-widget-button\" data-id=\"bc07f1d\" data-element_type=\"widget\" data-widget_type=\"button.default\">\n\t\t\t\t<div class=\"elementor-widget-container\">\n\t\t\t\t\t<div class=\"elementor-button-wrapper\">\n\t\t\t<a href=\"https:\/\/dii.us.com\/nuevo\/wp-content\/uploads\/2022\/08\/Santiago-scaled.jpg\" target=\"_blank\" class=\"elementor-button-link elementor-button elementor-size-sm\" role=\"button\">\n\t\t\t\t\t\t<span class=\"elementor-button-content-wrapper\">\n\t\t\t\t\t\t<span class=\"elementor-button-text\">Ver lotes disponibles<\/span>\n\t\t<\/span>\n\t\t\t\t\t<\/a>\n\t\t<\/div>\n\t\t\t\t<\/div>\n\t\t\t\t<\/div>\n\t\t\t\t\t<\/div>\n\t\t<\/div>\n\t\t\t\t<div class=\"elementor-column elementor-col-33 elementor-inner-column elementor-element elementor-element-8e28a03\" data-id=\"8e28a03\" data-element_type=\"column\">\n\t\t\t<div class=\"elementor-widget-wrap elementor-element-populated\">\n\t\t\t\t\t\t\t\t<div class=\"elementor-element elementor-element-ebaa847 elementor-align-center elementor-widget elementor-widget-button\" data-id=\"ebaa847\" data-element_type=\"widget\" data-widget_type=\"button.default\">\n\t\t\t\t<div class=\"elementor-widget-container\">\n\t\t\t\t\t<div class=\"elementor-button-wrapper\">\n\t\t\t<a href=\"https:\/\/dii.us.com\/nuevo\/wp-content\/uploads\/2022\/08\/Santiago-Springs-DII-SALES-PRICE-04-29-2022-.pdf\" target=\"_blank\" class=\"elementor-button-link elementor-button elementor-size-sm\" role=\"button\">\n\t\t\t\t\t\t<span class=\"elementor-button-content-wrapper\">\n\t\t\t\t\t\t<span class=\"elementor-button-text\">Ver precios de lotes<\/span>\n\t\t<\/span>\n\t\t\t\t\t<\/a>\n\t\t<\/div>\n\t\t\t\t<\/div>\n\t\t\t\t<\/div>\n\t\t\t\t\t<\/div>\n\t\t<\/div>\n\t\t\t\t\t\t\t<\/div>\n\t\t<\/section>\n\t\t\t\t\t<\/div>\n\t\t<\/div>\n\t\t\t\t\t\t\t<\/div>\n\t\t<\/section>\n\t\t\t\t<section class=\"elementor-section elementor-top-section elementor-element elementor-element-20f005e3 elementor-section-boxed elementor-section-height-default elementor-section-height-default\" data-id=\"20f005e3\" data-element_type=\"section\" data-settings=\"{&quot;jet_parallax_layout_list&quot;:[]}\">\n\t\t\t\t\t\t<div class=\"elementor-container elementor-column-gap-default\">\n\t\t\t\t\t<div class=\"elementor-column elementor-col-100 elementor-top-column elementor-element elementor-element-531f8692\" data-id=\"531f8692\" data-element_type=\"column\">\n\t\t\t<div class=\"elementor-widget-wrap elementor-element-populated\">\n\t\t\t\t\t\t\t\t<section class=\"elementor-section elementor-inner-section elementor-element elementor-element-4ec0553f elementor-section-content-top elementor-section-boxed elementor-section-height-default elementor-section-height-default\" data-id=\"4ec0553f\" data-element_type=\"section\" data-settings=\"{&quot;jet_parallax_layout_list&quot;:[]}\">\n\t\t\t\t\t\t<div class=\"elementor-container elementor-column-gap-wider\">\n\t\t\t\t\t<div class=\"elementor-column elementor-col-50 elementor-inner-column elementor-element elementor-element-50fe5ab9\" data-id=\"50fe5ab9\" data-element_type=\"column\">\n\t\t\t<div class=\"elementor-widget-wrap elementor-element-populated\">\n\t\t\t\t\t\t\t\t<div class=\"elementor-element elementor-element-4c3fd153 elementor-widget elementor-widget-heading\" data-id=\"4c3fd153\" data-element_type=\"widget\" data-widget_type=\"heading.default\">\n\t\t\t\t<div class=\"elementor-widget-container\">\n\t\t\t<h2 class=\"elementor-heading-title elementor-size-default\">HERMOSAS VISTAS, MONTA\u00d1AS, QUEBRADAS\u2026 EL LUGAR PARA ESCAPAR DEL TIEMPO Y DISFRUTAR LA VIDA EN TU PROPIO PARA\u00cdSO EN COSTA RICA ES SANTIAGO SPRINGS EN P\u00c9REZ ZELED\u00d3N<\/h2>\t\t<\/div>\n\t\t\t\t<\/div>\n\t\t\t\t<div class=\"elementor-element elementor-element-658113ac elementor-widget elementor-widget-text-editor\" data-id=\"658113ac\" data-element_type=\"widget\" data-widget_type=\"text-editor.default\">\n\t\t\t\t<div class=\"elementor-widget-container\">\n\t\t\t<style>\/*! elementor - v3.6.7 - 03-07-2022 *\/\n.elementor-widget-text-editor.elementor-drop-cap-view-stacked .elementor-drop-cap{background-color:#818a91;color:#fff}.elementor-widget-text-editor.elementor-drop-cap-view-framed .elementor-drop-cap{color:#818a91;border:3px solid;background-color:transparent}.elementor-widget-text-editor:not(.elementor-drop-cap-view-default) .elementor-drop-cap{margin-top:8px}.elementor-widget-text-editor:not(.elementor-drop-cap-view-default) .elementor-drop-cap-letter{width:1em;height:1em}.elementor-widget-text-editor .elementor-drop-cap{float:left;text-align:center;line-height:1;font-size:50px}.elementor-widget-text-editor .elementor-drop-cap-letter{display:inline-block}<\/style>\t\t\t\t<p><b>Ubicado en P\u00e9rez Zeled\u00f3n, en la Zona Sur de Costa Rica<\/b><\/p><ul><li style=\"font-weight: 400;\" aria-level=\"1\"><span style=\"font-weight: 400;\">A 40 minutos del centro de San Isidro, una peque\u00f1a ciudad local con todas las facilidades.<\/span><\/li><li style=\"font-weight: 400;\" aria-level=\"1\"><span style=\"font-weight: 400;\">A menos de 4 horas al sur de la capital de Costa Rica.<\/span><\/li><li style=\"font-weight: 400;\" aria-level=\"1\"><span style=\"font-weight: 400;\">En medio de una sencilla comunidad que le permitir\u00e1 descubrir e integrarse a la verdadera vida rural de los lugare\u00f1os.<\/span><\/li><li style=\"font-weight: 400;\" aria-level=\"1\"><span style=\"font-weight: 400;\">Rodeado de monta\u00f1as, con caminos empedrados, fuentes naturales de agua, aire puro, silencio y una paz absoluta.<\/span><\/li><\/ul>\t\t\t\t\t\t<\/div>\n\t\t\t\t<\/div>\n\t\t\t\t\t<\/div>\n\t\t<\/div>\n\t\t\t\t<div class=\"elementor-column elementor-col-50 elementor-inner-column elementor-element elementor-element-4eff96\" data-id=\"4eff96\" data-element_type=\"column\">\n\t\t\t<div class=\"elementor-widget-wrap elementor-element-populated\">\n\t\t\t\t\t\t\t\t<div class=\"elementor-element elementor-element-13a135fb elementor-widget elementor-widget-image\" data-id=\"13a135fb\" data-element_type=\"widget\" data-widget_type=\"image.default\">\n\t\t\t\t<div class=\"elementor-widget-container\">\n\t\t\t<style>\/*! elementor - v3.6.7 - 03-07-2022 *\/\n.elementor-widget-image{text-align:center}.elementor-widget-image a{display:inline-block}.elementor-widget-image a img[src$=\".svg\"]{width:48px}.elementor-widget-image img{vertical-align:middle;display:inline-block}<\/style>\t\t\t\t\t\t\t\t\t\t\t\t<img src=\"https:\/\/dii.us.com\/nuevo\/wp-content\/uploads\/2022\/08\/G5eIjdD0.jpeg\" title=\"G5eIjdD0\" alt=\"G5eIjdD0\" \/>\t\t\t\t\t\t\t\t\t\t\t\t\t\t\t<\/div>\n\t\t\t\t<\/div>\n\t\t\t\t\t<\/div>\n\t\t<\/div>\n\t\t\t\t\t\t\t<\/div>\n\t\t<\/section>\n\t\t\t\t\t<\/div>\n\t\t<\/div>\n\t\t\t\t\t\t\t<\/div>\n\t\t<\/section>\n\t\t\t\t<section class=\"elementor-section elementor-top-section elementor-element elementor-element-46b3dd84 elementor-section-boxed elementor-section-height-default elementor-section-height-default\" data-id=\"46b3dd84\" data-element_type=\"section\" data-settings=\"{&quot;jet_parallax_layout_list&quot;:[],&quot;background_background&quot;:&quot;classic&quot;}\">\n\t\t\t\t\t\t\t<div class=\"elementor-background-overlay\"><\/div>\n\t\t\t\t\t\t\t<div class=\"elementor-container elementor-column-gap-wider\">\n\t\t\t\t\t<div class=\"elementor-column elementor-col-100 elementor-top-column elementor-element elementor-element-7f56084\" data-id=\"7f56084\" data-element_type=\"column\">\n\t\t\t<div class=\"elementor-widget-wrap elementor-element-populated\">\n\t\t\t\t\t\t\t\t<div class=\"elementor-element elementor-element-359ecfae elementor-widget elementor-widget-heading\" data-id=\"359ecfae\" data-element_type=\"widget\" data-widget_type=\"heading.default\">\n\t\t\t\t<div class=\"elementor-widget-container\">\n\t\t\t<h2 class=\"elementor-heading-title elementor-size-default\">\u00a1La MEJOR PROPIEDAD RESIDENCIAL DE COSTA RICA est\u00e1 en Santiago Springs!<\/h2>\t\t<\/div>\n\t\t\t\t<\/div>\n\t\t\t\t<div class=\"elementor-element elementor-element-a6030a2 elementor-widget elementor-widget-heading\" data-id=\"a6030a2\" data-element_type=\"widget\" data-widget_type=\"heading.default\">\n\t\t\t\t<div class=\"elementor-widget-container\">\n\t\t\t<h2 class=\"elementor-heading-title elementor-size-default\">\u00a1 La \u201cPura Vida\u201d garantizada!<\/h2>\t\t<\/div>\n\t\t\t\t<\/div>\n\t\t\t\t<section class=\"elementor-section elementor-inner-section elementor-element elementor-element-2b99f0b6 elementor-section-boxed elementor-section-height-default elementor-section-height-default\" data-id=\"2b99f0b6\" data-element_type=\"section\" data-settings=\"{&quot;jet_parallax_layout_list&quot;:[]}\">\n\t\t\t\t\t\t<div class=\"elementor-container elementor-column-gap-wider\">\n\t\t\t\t\t<div class=\"elementor-column elementor-col-50 elementor-inner-column elementor-element elementor-element-3fee72b1\" data-id=\"3fee72b1\" data-element_type=\"column\">\n\t\t\t<div class=\"elementor-widget-wrap elementor-element-populated\">\n\t\t\t\t\t\t\t\t<div class=\"elementor-element elementor-element-986c137 elementor-widget elementor-widget-heading\" data-id=\"986c137\" data-element_type=\"widget\" data-widget_type=\"heading.default\">\n\t\t\t\t<div class=\"elementor-widget-container\">\n\t\t\t<h2 class=\"elementor-heading-title elementor-size-default\">LOTES DESDE LOS 2000 M2 EN ADELANTE\n<\/h2>\t\t<\/div>\n\t\t\t\t<\/div>\n\t\t\t\t<div class=\"elementor-element elementor-element-74fe596 elementor-widget elementor-widget-text-editor\" data-id=\"74fe596\" data-element_type=\"widget\" data-widget_type=\"text-editor.default\">\n\t\t\t\t<div class=\"elementor-widget-container\">\n\t\t\t\t\t\t\t<p><span style=\"font-weight: 400;\">Es un tico que sue\u00f1a con regresar a su tierra natal o un hispano que anhela mudarse a Costa Rica? Aqu\u00ed le compartimos <\/span><b>5 razones para comprar un lote y construir su propia casa en Santiago Springs, en San Pedro de P\u00e9rez Zeled\u00f3n.<\/b><\/p>\t\t\t\t\t\t<\/div>\n\t\t\t\t<\/div>\n\t\t\t\t\t<\/div>\n\t\t<\/div>\n\t\t\t\t<div class=\"elementor-column elementor-col-50 elementor-inner-column elementor-element elementor-element-3212af60\" data-id=\"3212af60\" data-element_type=\"column\">\n\t\t\t<div class=\"elementor-widget-wrap elementor-element-populated\">\n\t\t\t\t\t\t\t\t<div class=\"elementor-element elementor-element-616d26d7 elementor-widget elementor-widget-text-editor\" data-id=\"616d26d7\" data-element_type=\"widget\" data-widget_type=\"text-editor.default\">\n\t\t\t\t<div class=\"elementor-widget-container\">\n\t\t\t\t\t\t\t<p><b>Ficha t\u00e9cnica<\/b><\/p><ul><li style=\"font-weight: 400;\" aria-level=\"1\"><span style=\"font-weight: 400;\">Extensi\u00f3n: Terrenos de 2000 m2 en adelante.\u00a0<\/span><\/li><li style=\"font-weight: 400;\" aria-level=\"1\"><span style=\"font-weight: 400;\">Precio por metro cuadrado: $5.5 &#8211; $7<\/span><\/li><li style=\"font-weight: 400;\" aria-level=\"1\"><span style=\"font-weight: 400;\">Precio total: de $14 mil hasta $55 mil.<\/span><\/li><li style=\"font-weight: 400;\" aria-level=\"1\"><span style=\"font-weight: 400;\">Servicios p\u00fablicos disponibles: Electricidad (ICE), agua potable (ASADA), Internet.<\/span><\/li><li style=\"font-weight: 400;\" aria-level=\"1\"><span style=\"font-weight: 400;\">Otras ventajas: acceso a calle p\u00fablica. <\/span><\/li><\/ul>\t\t\t\t\t\t<\/div>\n\t\t\t\t<\/div>\n\t\t\t\t\t<\/div>\n\t\t<\/div>\n\t\t\t\t\t\t\t<\/div>\n\t\t<\/section>\n\t\t\t\t\t<\/div>\n\t\t<\/div>\n\t\t\t\t\t\t\t<\/div>\n\t\t<\/section>\n\t\t\t\t<section class=\"elementor-section elementor-top-section elementor-element elementor-element-5c20b43c elementor-section-boxed elementor-section-height-default elementor-section-height-default\" data-id=\"5c20b43c\" data-element_type=\"section\" data-settings=\"{&quot;jet_parallax_layout_list&quot;:[]}\">\n\t\t\t\t\t\t<div class=\"elementor-container elementor-column-gap-wider\">\n\t\t\t\t\t<div class=\"elementor-column elementor-col-100 elementor-top-column elementor-element elementor-element-a82527\" data-id=\"a82527\" data-element_type=\"column\">\n\t\t\t<div class=\"elementor-widget-wrap elementor-element-populated\">\n\t\t\t\t\t\t\t\t<div class=\"elementor-element elementor-element-7ef17efa elementor-widget elementor-widget-heading\" data-id=\"7ef17efa\" data-element_type=\"widget\" data-widget_type=\"heading.default\">\n\t\t\t\t<div class=\"elementor-widget-container\">\n\t\t\t<h2 class=\"elementor-heading-title elementor-size-default\">5 RAZONES PARA CONSTRUIR SU CASA Y VIVIR EN SANTIAGO SPRINGS<\/h2>\t\t<\/div>\n\t\t\t\t<\/div>\n\t\t\t\t<div class=\"elementor-element elementor-element-427fb145 elementor-widget elementor-widget-text-editor\" data-id=\"427fb145\" data-element_type=\"widget\" data-widget_type=\"text-editor.default\">\n\t\t\t\t<div class=\"elementor-widget-container\">\n\t\t\t\t\t\t\t<p><b>Conexi\u00f3n con la naturaleza.<\/b><span style=\"font-weight: 400;\"> Santiago Springs fue, originalmente, una \u00fanica finca que incluye 20 hect\u00e1reas de monta\u00f1a virgen; monta\u00f1as y \u00e1rboles que ahora rodean los lotes para construir, tambi\u00e9n con fuentes de agua naturales y rebosantes. Los \u00fanicos sonidos que usted percibir\u00e1 son de p\u00e1jaros, insectos y anfibios. <\/span><b>Las mejores vistas de la zona y un clima fresco ser\u00e1n sus grandes compa\u00f1eros en Santiago Springs. <\/b><\/p>\t\t\t\t\t\t<\/div>\n\t\t\t\t<\/div>\n\t\t\t\t<section class=\"elementor-section elementor-inner-section elementor-element elementor-element-d6597e4 elementor-section-boxed elementor-section-height-default elementor-section-height-default\" data-id=\"d6597e4\" data-element_type=\"section\" data-settings=\"{&quot;jet_parallax_layout_list&quot;:[]}\">\n\t\t\t\t\t\t<div class=\"elementor-container elementor-column-gap-wider\">\n\t\t\t\t\t<div class=\"elementor-column elementor-col-50 elementor-inner-column elementor-element elementor-element-71894a1\" data-id=\"71894a1\" data-element_type=\"column\">\n\t\t\t<div class=\"elementor-widget-wrap elementor-element-populated\">\n\t\t\t\t\t\t\t\t<div class=\"elementor-element elementor-element-08c1b50 elementor-widget elementor-widget-text-editor\" data-id=\"08c1b50\" data-element_type=\"widget\" data-widget_type=\"text-editor.default\">\n\t\t\t\t<div class=\"elementor-widget-container\">\n\t\t\t\t\t\t\t<p><b>Una vida rural, de paz y tranquilidad.<\/b><span style=\"font-weight: 400;\"> Santiago Springs se ubica en Santiago de San Pedro en P\u00e9rez Zeled\u00f3n, una encantadora comunidad local con escuela, iglesia y supermercado, donde usted podr\u00e1 observar la vida rural, minimalista y sencilla que experimentan los lugare\u00f1os. <\/span><b>En Santiago Springs usted podr\u00e1 olvidarse del estr\u00e9s de la gran ciudad y descansar o trabajar rodeado de naturaleza, sin salir de casa. <\/b><\/p>\t\t\t\t\t\t<\/div>\n\t\t\t\t<\/div>\n\t\t\t\t\t<\/div>\n\t\t<\/div>\n\t\t\t\t<div class=\"elementor-column elementor-col-50 elementor-inner-column elementor-element elementor-element-bbf4ba3\" data-id=\"bbf4ba3\" data-element_type=\"column\">\n\t\t\t<div class=\"elementor-widget-wrap elementor-element-populated\">\n\t\t\t\t\t\t\t\t<div class=\"elementor-element elementor-element-6df6997 elementor-widget elementor-widget-text-editor\" data-id=\"6df6997\" data-element_type=\"widget\" data-widget_type=\"text-editor.default\">\n\t\t\t\t<div class=\"elementor-widget-container\">\n\t\t\t\t\t\t\t<p><b>Lotes amplios y preciosos. <\/b><span style=\"font-weight: 400;\">Si bien en cada lote s\u00f3lo se puede construir una vivienda (casa o caba\u00f1a), usted tambi\u00e9n podr\u00e1 tener una gran piscina, un jard\u00edn de ensue\u00f1o, \u00e1rboles frutales, su propia huerta y hasta un peque\u00f1o<\/span> <span style=\"font-weight: 400;\">espacio de lectura al aire libre.<\/span> <b>La extensi\u00f3n de las propiedades permite vivir tranquilamente, sin ruidos molestos en casas de vecinos.<\/b><\/p>\t\t\t\t\t\t<\/div>\n\t\t\t\t<\/div>\n\t\t\t\t\t<\/div>\n\t\t<\/div>\n\t\t\t\t\t\t\t<\/div>\n\t\t<\/section>\n\t\t\t\t<section class=\"elementor-section elementor-inner-section elementor-element elementor-element-8df848c elementor-section-boxed elementor-section-height-default elementor-section-height-default\" data-id=\"8df848c\" data-element_type=\"section\" data-settings=\"{&quot;jet_parallax_layout_list&quot;:[]}\">\n\t\t\t\t\t\t<div class=\"elementor-container elementor-column-gap-wider\">\n\t\t\t\t\t<div class=\"elementor-column elementor-col-50 elementor-inner-column elementor-element elementor-element-295ea24\" data-id=\"295ea24\" data-element_type=\"column\">\n\t\t\t<div class=\"elementor-widget-wrap elementor-element-populated\">\n\t\t\t\t\t\t\t\t<div class=\"elementor-element elementor-element-78af13b elementor-widget elementor-widget-text-editor\" data-id=\"78af13b\" data-element_type=\"widget\" data-widget_type=\"text-editor.default\">\n\t\t\t\t<div class=\"elementor-widget-container\">\n\t\t\t\t\t\t\t<p><b>Acceso a servicios p\u00fablicos.<\/b><span style=\"font-weight: 400;\"> Todos los lotes en Santiago Springs tienen acceso a agua potable y luz el\u00e9ctrica, y se ubican en una zona con Internet Satelital; es decir, usted podr\u00e1 trabajar desde casa, escribir un libro, ver pel\u00edculas, pintar, disfrutar en la piscina o cualquier otra actividad que le apasione, pero en <\/span><b>un escenario de extraordinaria belleza natural y armon\u00eda con el ambiente.<\/b><\/p>\t\t\t\t\t\t<\/div>\n\t\t\t\t<\/div>\n\t\t\t\t\t<\/div>\n\t\t<\/div>\n\t\t\t\t<div class=\"elementor-column elementor-col-50 elementor-inner-column elementor-element elementor-element-5c52181\" data-id=\"5c52181\" data-element_type=\"column\">\n\t\t\t<div class=\"elementor-widget-wrap elementor-element-populated\">\n\t\t\t\t\t\t\t\t<div class=\"elementor-element elementor-element-2ff6821 elementor-widget elementor-widget-text-editor\" data-id=\"2ff6821\" data-element_type=\"widget\" data-widget_type=\"text-editor.default\">\n\t\t\t\t<div class=\"elementor-widget-container\">\n\t\t\t\t\t\t\t<p><b>Vida social y nuevas amistades. <\/b><span style=\"font-weight: 400;\">Santiago Springs cuenta con un \u00e1rea com\u00fan: una especie de rancho con ba\u00f1os y parrilla, ideal para hacer una peque\u00f1a fiesta con amigos o socializar con otros residentes.<\/span> <b>\u00a1Muchos otros propietarios de lotes en Santiago Springs ya est\u00e1n por iniciar la construcci\u00f3n de su casa, emocionados por la vida que les espera de regreso en Costa Rica!<\/b><\/p>\t\t\t\t\t\t<\/div>\n\t\t\t\t<\/div>\n\t\t\t\t\t<\/div>\n\t\t<\/div>\n\t\t\t\t\t\t\t<\/div>\n\t\t<\/section>\n\t\t\t\t<div class=\"elementor-element elementor-element-7ca41d5 elementor-widget elementor-widget-heading\" data-id=\"7ca41d5\" data-element_type=\"widget\" data-widget_type=\"heading.default\">\n\t\t\t\t<div class=\"elementor-widget-container\">\n\t\t\t<h2 class=\"elementor-heading-title elementor-size-default\">Contacto en Costa Rica:\nKenneth Navarrete Guerrero<br><br>(506) 6070-4670\nPerez Zeledon<\/h2>\t\t<\/div>\n\t\t\t\t<\/div>\n\t\t\t\t\t<\/div>\n\t\t<\/div>\n\t\t\t\t\t\t\t<\/div>\n\t\t<\/section>\n\t\t\t\t\t\t\t<\/div>\n\t\t","protected":false},"excerpt":{"rendered":"<p>EL LUGAR PERFECTO PARA OLVIDAR EL ESTR\u00c9S DE LA CIUDAD Y VIVIR LA VIDA DE SUS SUE\u00d1OS Conoce mas en un video Ver lotes disponibles Ver precios de lotes HERMOSAS VISTAS, MONTA\u00d1AS, QUEBRADAS\u2026 EL LUGAR PARA ESCAPAR DEL TIEMPO Y DISFRUTAR LA VIDA EN TU PROPIO PARA\u00cdSO EN COSTA RICA ES SANTIAGO SPRINGS EN P\u00c9REZ [&hellip;]<\/p>\n","protected":false},"author":1,"featured_media":0,"parent":0,"menu_order":0,"comment_status":"closed","ping_status":"closed","template":"","meta":[],"_links":{"self":[{"href":"https:\/\/dii.us.com\/nuevo\/index.php?rest_route=\/wp\/v2\/pages\/147"}],"collection":[{"href":"https:\/\/dii.us.com\/nuevo\/index.php?rest_route=\/wp\/v2\/pages"}],"about":[{"href":"https:\/\/dii.us.com\/nuevo\/index.php?rest_route=\/wp\/v2\/types\/page"}],"author":[{"embeddable":true,"href":"https:\/\/dii.us.com\/nuevo\/index.php?rest_route=\/wp\/v2\/users\/1"}],"replies":[{"embeddable":true,"href":"https:\/\/dii.us.com\/nuevo\/index.php?rest_route=%2Fwp%2Fv2%2Fcomments&post=147"}],"version-history":[{"count":28,"href":"https:\/\/dii.us.com\/nuevo\/index.php?rest_route=\/wp\/v2\/pages\/147\/revisions"}],"predecessor-version":[{"id":632,"href":"https:\/\/dii.us.com\/nuevo\/index.php?rest_route=\/wp\/v2\/pages\/147\/revisions\/632"}],"wp:attachment":[{"href":"https:\/\/dii.us.com\/nuevo\/index.php?rest_route=%2Fwp%2Fv2%2Fmedia&parent=147"}],"curies":[{"name":"wp","href":"https:\/\/api.w.org\/{rel}","templated":true}]}}